{"id":2412,"date":"2025-04-15T23:13:10","date_gmt":"2025-04-15T21:13:10","guid":{"rendered":"https:\/\/www.kt-made.de\/wordpress\/?post_type=product&#038;p=2412"},"modified":"2025-06-10T00:54:31","modified_gmt":"2025-06-09T22:54:31","slug":"karte-hochzeit-verlobung-jahrestag","status":"publish","type":"product","link":"https:\/\/www.kt-made.de\/wordpress\/produkt\/karte-hochzeit-verlobung-jahrestag\/","title":{"rendered":"Karte zur Hochzeit Verlobung Jahrestag"},"content":{"rendered":"<p>Diese Karte eignet sich sowohl zur Hochzeit, als auch zur Verlobung oder zum Jahrestag. Immer dann, wenn man geliebten Menschen eine Freude machen m\u00f6chte.<\/p>\n<ul>\n<li>F\u00fcr weitere individuelle W\u00fcnsche bin ich immer offen und versuche sie gemeinsam mit Ihnen umzusetzen. Sprechen Sie mich einfach an\u2026<\/li>\n<\/ul>\n<p>&nbsp;<\/p>\n<p>&nbsp;<\/p>\n<p><em>Kleine Kinder sollten nicht unbeaufsichtigt mit der Karte spielen, da sich bei unsachgem\u00e4\u00dfem Gebrauch kleine Papierst\u00fccke l\u00f6sen k\u00f6nnten.<\/em><\/p>\n","protected":false},"excerpt":{"rendered":"<p>Diese Karte eignet sich sowohl zur Hochzeit, als auch zur Verlobung oder zum Jahrestag. Immer dann, wenn man geliebten Menschen eine Freude machen m\u00f6chte. F\u00fcr weitere individuelle W\u00fcnsche bin ich immer offen und versuche sie gemeinsam mit Ihnen umzusetzen. Sprechen Sie mich einfach an\u2026 &nbsp; &nbsp; Kleine Kinder sollten nicht unbeaufsichtigt mit der Karte spielen, [&hellip;]<\/p>\n","protected":false},"featured_media":2413,"template":"","meta":{"ocean_post_layout":"","ocean_both_sidebars_style":"","ocean_both_sidebars_content_width":0,"ocean_both_sidebars_sidebars_width":0,"ocean_sidebar":"0","ocean_second_sidebar":"0","ocean_disable_margins":"enable","ocean_add_body_class":"","ocean_shortcode_before_top_bar":"","ocean_shortcode_after_top_bar":"","ocean_shortcode_before_header":"","ocean_shortcode_after_header":"","ocean_has_shortcode":"","ocean_shortcode_after_title":"","ocean_shortcode_before_footer_widgets":"","ocean_shortcode_after_footer_widgets":"","ocean_shortcode_before_footer_bottom":"","ocean_shortcode_after_footer_bottom":"","ocean_display_top_bar":"default","ocean_display_header":"default","ocean_header_style":"","ocean_center_header_left_menu":"0","ocean_custom_header_template":"0","ocean_custom_logo":0,"ocean_custom_retina_logo":0,"ocean_custom_logo_max_width":0,"ocean_custom_logo_tablet_max_width":0,"ocean_custom_logo_mobile_max_width":0,"ocean_custom_logo_max_height":0,"ocean_custom_logo_tablet_max_height":0,"ocean_custom_logo_mobile_max_height":0,"ocean_header_custom_menu":"0","ocean_menu_typo_font_family":"0","ocean_menu_typo_font_subset":"","ocean_menu_typo_font_size":0,"ocean_menu_typo_font_size_tablet":0,"ocean_menu_typo_font_size_mobile":0,"ocean_menu_typo_font_size_unit":"px","ocean_menu_typo_font_weight":"","ocean_menu_typo_font_weight_tablet":"","ocean_menu_typo_font_weight_mobile":"","ocean_menu_typo_transform":"","ocean_menu_typo_transform_tablet":"","ocean_menu_typo_transform_mobile":"","ocean_menu_typo_line_height":0,"ocean_menu_typo_line_height_tablet":0,"ocean_menu_typo_line_height_mobile":0,"ocean_menu_typo_line_height_unit":"","ocean_menu_typo_spacing":0,"ocean_menu_typo_spacing_tablet":0,"ocean_menu_typo_spacing_mobile":0,"ocean_menu_typo_spacing_unit":"","ocean_menu_link_color":"","ocean_menu_link_color_hover":"","ocean_menu_link_color_active":"","ocean_menu_link_background":"","ocean_menu_link_hover_background":"","ocean_menu_link_active_background":"","ocean_menu_social_links_bg":"","ocean_menu_social_hover_links_bg":"","ocean_menu_social_links_color":"","ocean_menu_social_hover_links_color":"","ocean_disable_title":"default","ocean_disable_heading":"default","ocean_post_title":"","ocean_post_subheading":"","ocean_post_title_style":"","ocean_post_title_background_color":"","ocean_post_title_background":0,"ocean_post_title_bg_image_position":"","ocean_post_title_bg_image_attachment":"","ocean_post_title_bg_image_repeat":"","ocean_post_title_bg_image_size":"","ocean_post_title_height":0,"ocean_post_title_bg_overlay":0.5,"ocean_post_title_bg_overlay_color":"","ocean_disable_breadcrumbs":"default","ocean_breadcrumbs_color":"","ocean_breadcrumbs_separator_color":"","ocean_breadcrumbs_links_color":"","ocean_breadcrumbs_links_hover_color":"","ocean_display_footer_widgets":"default","ocean_display_footer_bottom":"default","ocean_custom_footer_template":"0"},"product_cat":[114],"product_tag":[],"class_list":{"0":"post-2412","1":"product","2":"type-product","3":"status-publish","4":"has-post-thumbnail","6":"product_brand-kt-made","7":"product_cat-hochzeit","8":"product_shipping_class-karten","10":"entry","11":"has-media","13":"first","14":"instock","15":"shipping-taxable","16":"purchasable","17":"product-type-simple","18":"has-product-nav","19":"col","20":"span_1_of_3","21":"owp-content-center","22":"owp-thumbs-layout-horizontal","23":"owp-btn-normal","24":"owp-tabs-layout-horizontal","25":"has-no-thumbnails"},"yoast_head":"<!-- This site is optimized with the Yoast SEO plugin v27.3 - https:\/\/yoast.com\/product\/yoast-seo-wordpress\/ -->\n<title>Karte zur Hochzeit Verlobung Jahrestag - KT-made - Karten f\u00fcr besondere Menschen<\/title>\n<meta name=\"description\" content=\"Diese Karte eignet sich sowohl zur Hochzeit, als auch zur Verlobung oder zum Jahrestag. Immer dann, wenn man geliebten Menschen eine Freude machen m\u00f6chte.\" \/>\n<meta name=\"robots\" content=\"index, follow, max-snippet:-1, max-image-preview:large, max-video-preview:-1\" \/>\n<link rel=\"canonical\" href=\"https:\/\/www.kt-made.de\/wordpress\/produkt\/karte-hochzeit-verlobung-jahrestag\/\" \/>\n<meta property=\"og:locale\" content=\"de_DE\" \/>\n<meta property=\"og:type\" content=\"article\" \/>\n<meta property=\"og:title\" content=\"Karte zur Hochzeit Verlobung Jahrestag - KT-made - Karten f\u00fcr besondere Menschen\" \/>\n<meta property=\"og:description\" content=\"Diese Karte eignet sich sowohl zur Hochzeit, als auch zur Verlobung oder zum Jahrestag. Immer dann, wenn man geliebten Menschen eine Freude machen m\u00f6chte.\" \/>\n<meta property=\"og:url\" content=\"https:\/\/www.kt-made.de\/wordpress\/produkt\/karte-hochzeit-verlobung-jahrestag\/\" \/>\n<meta property=\"og:site_name\" content=\"KT-made - Karten f\u00fcr besondere Menschen\" \/>\n<meta property=\"article:modified_time\" content=\"2025-06-09T22:54:31+00:00\" \/>\n<meta property=\"og:image\" content=\"https:\/\/www.kt-made.de\/wordpress\/wp-content\/uploads\/2025\/04\/IMG_3749.jpg\" \/>\n\t<meta property=\"og:image:width\" content=\"1024\" \/>\n\t<meta property=\"og:image:height\" content=\"1024\" \/>\n\t<meta property=\"og:image:type\" content=\"image\/jpeg\" \/>\n<meta name=\"twitter:card\" content=\"summary_large_image\" \/>\n<meta name=\"twitter:label1\" content=\"Gesch\u00e4tzte Lesezeit\" \/>\n\t<meta name=\"twitter:data1\" content=\"1\u00a0Minute\" \/>\n<script type=\"application\/ld+json\" class=\"yoast-schema-graph\">{\"@context\":\"https:\\\/\\\/schema.org\",\"@graph\":[{\"@type\":[\"WebPage\",\"ItemPage\"],\"@id\":\"https:\\\/\\\/www.kt-made.de\\\/wordpress\\\/produkt\\\/karte-hochzeit-verlobung-jahrestag\\\/\",\"url\":\"https:\\\/\\\/www.kt-made.de\\\/wordpress\\\/produkt\\\/karte-hochzeit-verlobung-jahrestag\\\/\",\"name\":\"Karte zur Hochzeit Verlobung Jahrestag - KT-made - Karten f\u00fcr besondere Menschen\",\"isPartOf\":{\"@id\":\"https:\\\/\\\/www.kt-made.de\\\/wordpress\\\/#website\"},\"primaryImageOfPage\":{\"@id\":\"https:\\\/\\\/www.kt-made.de\\\/wordpress\\\/produkt\\\/karte-hochzeit-verlobung-jahrestag\\\/#primaryimage\"},\"image\":{\"@id\":\"https:\\\/\\\/www.kt-made.de\\\/wordpress\\\/produkt\\\/karte-hochzeit-verlobung-jahrestag\\\/#primaryimage\"},\"thumbnailUrl\":\"https:\\\/\\\/www.kt-made.de\\\/wordpress\\\/wp-content\\\/uploads\\\/2025\\\/04\\\/IMG_3749.jpg\",\"datePublished\":\"2025-04-15T21:13:10+00:00\",\"dateModified\":\"2025-06-09T22:54:31+00:00\",\"description\":\"Diese Karte eignet sich sowohl zur Hochzeit, als auch zur Verlobung oder zum Jahrestag. Immer dann, wenn man geliebten Menschen eine Freude machen m\u00f6chte.\",\"breadcrumb\":{\"@id\":\"https:\\\/\\\/www.kt-made.de\\\/wordpress\\\/produkt\\\/karte-hochzeit-verlobung-jahrestag\\\/#breadcrumb\"},\"inLanguage\":\"de\",\"potentialAction\":[{\"@type\":\"ReadAction\",\"target\":[\"https:\\\/\\\/www.kt-made.de\\\/wordpress\\\/produkt\\\/karte-hochzeit-verlobung-jahrestag\\\/\"]}]},{\"@type\":\"ImageObject\",\"inLanguage\":\"de\",\"@id\":\"https:\\\/\\\/www.kt-made.de\\\/wordpress\\\/produkt\\\/karte-hochzeit-verlobung-jahrestag\\\/#primaryimage\",\"url\":\"https:\\\/\\\/www.kt-made.de\\\/wordpress\\\/wp-content\\\/uploads\\\/2025\\\/04\\\/IMG_3749.jpg\",\"contentUrl\":\"https:\\\/\\\/www.kt-made.de\\\/wordpress\\\/wp-content\\\/uploads\\\/2025\\\/04\\\/IMG_3749.jpg\",\"width\":2600,\"height\":2600,\"caption\":\"Karte Hochzeit Verlobung Jahrestag\"},{\"@type\":\"BreadcrumbList\",\"@id\":\"https:\\\/\\\/www.kt-made.de\\\/wordpress\\\/produkt\\\/karte-hochzeit-verlobung-jahrestag\\\/#breadcrumb\",\"itemListElement\":[{\"@type\":\"ListItem\",\"position\":1,\"name\":\"Startseite\",\"item\":\"https:\\\/\\\/www.kt-made.de\\\/wordpress\\\/\"},{\"@type\":\"ListItem\",\"position\":2,\"name\":\"Shop\",\"item\":\"https:\\\/\\\/www.kt-made.de\\\/wordpress\\\/shop\\\/\"},{\"@type\":\"ListItem\",\"position\":3,\"name\":\"Karte zur Hochzeit Verlobung Jahrestag\"}]},{\"@type\":\"WebSite\",\"@id\":\"https:\\\/\\\/www.kt-made.de\\\/wordpress\\\/#website\",\"url\":\"https:\\\/\\\/www.kt-made.de\\\/wordpress\\\/\",\"name\":\"KT-made - Karten f\u00fcr besondere Menschen\",\"description\":\"Karten f\u00fcr besondere Menschen\",\"publisher\":{\"@id\":\"https:\\\/\\\/www.kt-made.de\\\/wordpress\\\/#organization\"},\"potentialAction\":[{\"@type\":\"SearchAction\",\"target\":{\"@type\":\"EntryPoint\",\"urlTemplate\":\"https:\\\/\\\/www.kt-made.de\\\/wordpress\\\/?s={search_term_string}\"},\"query-input\":{\"@type\":\"PropertyValueSpecification\",\"valueRequired\":true,\"valueName\":\"search_term_string\"}}],\"inLanguage\":\"de\"},{\"@type\":\"Organization\",\"@id\":\"https:\\\/\\\/www.kt-made.de\\\/wordpress\\\/#organization\",\"name\":\"KT-Made\",\"url\":\"https:\\\/\\\/www.kt-made.de\\\/wordpress\\\/\",\"logo\":{\"@type\":\"ImageObject\",\"inLanguage\":\"de\",\"@id\":\"https:\\\/\\\/www.kt-made.de\\\/wordpress\\\/#\\\/schema\\\/logo\\\/image\\\/\",\"url\":\"https:\\\/\\\/www.kt-made.de\\\/wordpress\\\/wp-content\\\/uploads\\\/2021\\\/03\\\/favicon_weiss.png\",\"contentUrl\":\"https:\\\/\\\/www.kt-made.de\\\/wordpress\\\/wp-content\\\/uploads\\\/2021\\\/03\\\/favicon_weiss.png\",\"width\":511,\"height\":340,\"caption\":\"KT-Made\"},\"image\":{\"@id\":\"https:\\\/\\\/www.kt-made.de\\\/wordpress\\\/#\\\/schema\\\/logo\\\/image\\\/\"}}]}<\/script>\n<!-- \/ Yoast SEO plugin. -->","yoast_head_json":{"title":"Karte zur Hochzeit Verlobung Jahrestag - KT-made - Karten f\u00fcr besondere Menschen","description":"Diese Karte eignet sich sowohl zur Hochzeit, als auch zur Verlobung oder zum Jahrestag. Immer dann, wenn man geliebten Menschen eine Freude machen m\u00f6chte.","robots":{"index":"index","follow":"follow","max-snippet":"max-snippet:-1","max-image-preview":"max-image-preview:large","max-video-preview":"max-video-preview:-1"},"canonical":"https:\/\/www.kt-made.de\/wordpress\/produkt\/karte-hochzeit-verlobung-jahrestag\/","og_locale":"de_DE","og_type":"article","og_title":"Karte zur Hochzeit Verlobung Jahrestag - KT-made - Karten f\u00fcr besondere Menschen","og_description":"Diese Karte eignet sich sowohl zur Hochzeit, als auch zur Verlobung oder zum Jahrestag. Immer dann, wenn man geliebten Menschen eine Freude machen m\u00f6chte.","og_url":"https:\/\/www.kt-made.de\/wordpress\/produkt\/karte-hochzeit-verlobung-jahrestag\/","og_site_name":"KT-made - Karten f\u00fcr besondere Menschen","article_modified_time":"2025-06-09T22:54:31+00:00","og_image":[{"url":"https:\/\/www.kt-made.de\/wordpress\/wp-content\/uploads\/2025\/04\/IMG_3749.jpg","width":1024,"height":1024,"type":"image\/jpeg"}],"twitter_card":"summary_large_image","twitter_misc":{"Gesch\u00e4tzte Lesezeit":"1\u00a0Minute"},"schema":{"@context":"https:\/\/schema.org","@graph":[{"@type":["WebPage","ItemPage"],"@id":"https:\/\/www.kt-made.de\/wordpress\/produkt\/karte-hochzeit-verlobung-jahrestag\/","url":"https:\/\/www.kt-made.de\/wordpress\/produkt\/karte-hochzeit-verlobung-jahrestag\/","name":"Karte zur Hochzeit Verlobung Jahrestag - KT-made - Karten f\u00fcr besondere Menschen","isPartOf":{"@id":"https:\/\/www.kt-made.de\/wordpress\/#website"},"primaryImageOfPage":{"@id":"https:\/\/www.kt-made.de\/wordpress\/produkt\/karte-hochzeit-verlobung-jahrestag\/#primaryimage"},"image":{"@id":"https:\/\/www.kt-made.de\/wordpress\/produkt\/karte-hochzeit-verlobung-jahrestag\/#primaryimage"},"thumbnailUrl":"https:\/\/www.kt-made.de\/wordpress\/wp-content\/uploads\/2025\/04\/IMG_3749.jpg","datePublished":"2025-04-15T21:13:10+00:00","dateModified":"2025-06-09T22:54:31+00:00","description":"Diese Karte eignet sich sowohl zur Hochzeit, als auch zur Verlobung oder zum Jahrestag. Immer dann, wenn man geliebten Menschen eine Freude machen m\u00f6chte.","breadcrumb":{"@id":"https:\/\/www.kt-made.de\/wordpress\/produkt\/karte-hochzeit-verlobung-jahrestag\/#breadcrumb"},"inLanguage":"de","potentialAction":[{"@type":"ReadAction","target":["https:\/\/www.kt-made.de\/wordpress\/produkt\/karte-hochzeit-verlobung-jahrestag\/"]}]},{"@type":"ImageObject","inLanguage":"de","@id":"https:\/\/www.kt-made.de\/wordpress\/produkt\/karte-hochzeit-verlobung-jahrestag\/#primaryimage","url":"https:\/\/www.kt-made.de\/wordpress\/wp-content\/uploads\/2025\/04\/IMG_3749.jpg","contentUrl":"https:\/\/www.kt-made.de\/wordpress\/wp-content\/uploads\/2025\/04\/IMG_3749.jpg","width":2600,"height":2600,"caption":"Karte Hochzeit Verlobung Jahrestag"},{"@type":"BreadcrumbList","@id":"https:\/\/www.kt-made.de\/wordpress\/produkt\/karte-hochzeit-verlobung-jahrestag\/#breadcrumb","itemListElement":[{"@type":"ListItem","position":1,"name":"Startseite","item":"https:\/\/www.kt-made.de\/wordpress\/"},{"@type":"ListItem","position":2,"name":"Shop","item":"https:\/\/www.kt-made.de\/wordpress\/shop\/"},{"@type":"ListItem","position":3,"name":"Karte zur Hochzeit Verlobung Jahrestag"}]},{"@type":"WebSite","@id":"https:\/\/www.kt-made.de\/wordpress\/#website","url":"https:\/\/www.kt-made.de\/wordpress\/","name":"KT-made - Karten f\u00fcr besondere Menschen","description":"Karten f\u00fcr besondere Menschen","publisher":{"@id":"https:\/\/www.kt-made.de\/wordpress\/#organization"},"potentialAction":[{"@type":"SearchAction","target":{"@type":"EntryPoint","urlTemplate":"https:\/\/www.kt-made.de\/wordpress\/?s={search_term_string}"},"query-input":{"@type":"PropertyValueSpecification","valueRequired":true,"valueName":"search_term_string"}}],"inLanguage":"de"},{"@type":"Organization","@id":"https:\/\/www.kt-made.de\/wordpress\/#organization","name":"KT-Made","url":"https:\/\/www.kt-made.de\/wordpress\/","logo":{"@type":"ImageObject","inLanguage":"de","@id":"https:\/\/www.kt-made.de\/wordpress\/#\/schema\/logo\/image\/","url":"https:\/\/www.kt-made.de\/wordpress\/wp-content\/uploads\/2021\/03\/favicon_weiss.png","contentUrl":"https:\/\/www.kt-made.de\/wordpress\/wp-content\/uploads\/2021\/03\/favicon_weiss.png","width":511,"height":340,"caption":"KT-Made"},"image":{"@id":"https:\/\/www.kt-made.de\/wordpress\/#\/schema\/logo\/image\/"}}]}},"_links":{"self":[{"href":"https:\/\/www.kt-made.de\/wordpress\/wp-json\/wp\/v2\/product\/2412","targetHints":{"allow":["GET"]}}],"collection":[{"href":"https:\/\/www.kt-made.de\/wordpress\/wp-json\/wp\/v2\/product"}],"about":[{"href":"https:\/\/www.kt-made.de\/wordpress\/wp-json\/wp\/v2\/types\/product"}],"wp:featuredmedia":[{"embeddable":true,"href":"https:\/\/www.kt-made.de\/wordpress\/wp-json\/wp\/v2\/media\/2413"}],"wp:attachment":[{"href":"https:\/\/www.kt-made.de\/wordpress\/wp-json\/wp\/v2\/media?parent=2412"}],"wp:term":[{"taxonomy":"product_cat","embeddable":true,"href":"https:\/\/www.kt-made.de\/wordpress\/wp-json\/wp\/v2\/product_cat?post=2412"},{"taxonomy":"product_tag","embeddable":true,"href":"https:\/\/www.kt-made.de\/wordpress\/wp-json\/wp\/v2\/product_tag?post=2412"}],"curies":[{"name":"wp","href":"https:\/\/api.w.org\/{rel}","templated":true}]}}